{"id":763,"date":"2021-06-22T15:39:26","date_gmt":"2021-06-22T18:39:26","guid":{"rendered":"https:\/\/alacerbio.com\/spanish\/?page_id=763"},"modified":"2022-07-21T11:28:14","modified_gmt":"2022-07-21T14:28:14","slug":"politica-de-privacidade","status":"publish","type":"page","link":"https:\/\/alacerbio.com\/spanish\/politica-de-privacidade\/","title":{"rendered":"Pol\u00edtica de Privacidade"},"content":{"rendered":"\n<style type=\"text\/css\" data-created_by=\"avia_inline_auto\" id=\"style-css-av-kqawezcs-d8820744e1caab6ce769b59f91de0f1a\">\n.avia-section.av-kqawezcs-d8820744e1caab6ce769b59f91de0f1a{\nbackground-repeat:no-repeat;\nbackground-image:url(https:\/\/alacerbio.com\/spanish\/wp-content\/uploads\/2021\/06\/HEAD-POLITICA-PRIVACIDADE.jpg);\nbackground-position:50% 0%;\nbackground-attachment:scroll;\nmargin-top:0px;\nmargin-bottom:0px;\n}\n<\/style>\n<div id='bg-cabeca1' aria-label='bg-cabeca4' class='avia-section av-kqawezcs-d8820744e1caab6ce769b59f91de0f1a main_color avia-section-default avia-no-border-styling  avia-builder-el-0  el_before_av_section  avia-builder-el-first  bg-cabeca2 bg-cabeca3 av-small-hide av-mini-hide avia-bg-style-scroll av-minimum-height av-minimum-height-custom av-height-custom  container_wrap sidebar_right'  data-section-bg-repeat='no-repeat' data-av_minimum_height_px='660'><div class='container av-section-cont-open' style='height:660px'><main  role=\"main\" itemprop=\"mainContentOfPage\"  class='template-page content  av-content-small alpha units'><div class='post-entry post-entry-type-page post-entry-763'><div class='entry-content-wrapper clearfix'>\n<\/div><\/div><\/main><!-- close content main element --><\/div><\/div>\n<style type=\"text\/css\" data-created_by=\"avia_inline_auto\" id=\"style-css-av-kqawfw5h-c9786c17fd073612b7c7706a2ee9c85d\">\n.avia-section.av-kqawfw5h-c9786c17fd073612b7c7706a2ee9c85d{\nbackground-repeat:no-repeat;\nbackground-image:url(https:\/\/alacerbio.com\/spanish\/wp-content\/uploads\/2021\/06\/politica_mobile.jpg);\nbackground-position:50% 0%;\nbackground-attachment:scroll;\n}\n<\/style>\n<div id='av_section_2'  class='avia-section av-kqawfw5h-c9786c17fd073612b7c7706a2ee9c85d main_color avia-section-no-padding avia-no-border-styling  avia-builder-el-1  el_after_av_section  el_before_av_textblock  av-desktop-hide av-medium-hide avia-bg-style-scroll av-minimum-height av-minimum-height-custom av-height-custom  container_wrap sidebar_right'  data-section-bg-repeat='no-repeat' data-av_minimum_height_px='300'><div class='container av-section-cont-open' style='height:300px'><div class='template-page content  av-content-small alpha units'><div class='post-entry post-entry-type-page post-entry-763'><div class='entry-content-wrapper clearfix'><\/div><\/div><\/div><!-- close content main div --><\/div><\/div><div id='after_section_2'  class='main_color av_default_container_wrap container_wrap sidebar_right'  ><div class='container av-section-cont-open' ><div class='template-page content  av-content-small alpha units'><div class='post-entry post-entry-type-page post-entry-763'><div class='entry-content-wrapper clearfix'>\n<section  class='av_textblock_section av-7wz2r-2a0cec7668f7a6801752a8ed5264b477 '   itemscope=\"itemscope\" itemtype=\"https:\/\/schema.org\/CreativeWork\" ><div class='avia_textblock'  itemprop=\"text\" ><div class=\"section the_content has_content\">\n<div class=\"section_wrapper\">\n<div class=\"the_content_wrapper\">\n<h2>POL\u00cdTICA DE PRIVACIDAD DE ALACER BIOMEDICA<\/h2>\n<h3>SECCI\u00d3N 1 &#8211; INFORMACI\u00d3N GENERAL<\/h3>\n<p>La presente Pol\u00edtica de Privacidad contiene informaci\u00f3n sobre la recogida, uso, almacenamiento, tratamiento y protecci\u00f3n de los datos personales de los usuarios y visitantes del sitio web www.alacer.com.br, con el fin de demostrar una absoluta transparencia en la materia y aclarar a todos los interesados los tipos de datos que se recogen, los motivos de la recogida y la forma en que los usuarios pueden gestionar o eliminar su informaci\u00f3n personal.<\/p>\n<p>Esta Pol\u00edtica de Privacidad se aplica a todos los usuarios y visitantes del sitio www.alacer.com.br e integra los T\u00e9rminos y Condiciones Generales de Uso del sitio www.alacer.com.br, debidamente registrado en el CNPJ bajo el n\u00ba 04.192.554\/0001-99, ubicado en Rua Batista de Melo, 113 &#8211; S\u00e3o Paulo CEP: 04383-080, en adelante denominado Alacer Biom\u00e9dica ind\u00fastria eletr\u00f4nica LTDA.<\/p>\n<p>Este documento ha sido elaborado en cumplimiento de la Ley General de Protecci\u00f3n de Datos Personales (Ley 13.709\/18), el Marco Civil da Internet (Ley 12.965\/14) (y el Reglamento UE n. 2016\/6790). Adem\u00e1s, el documento puede ser actualizado como consecuencia de cualquier actualizaci\u00f3n normativa, por lo que se invita al usuario a consultar peri\u00f3dicamente esta secci\u00f3n.<\/p>\n<h3>SECCI\u00d3N 2 &#8211; \u00bfC\u00d3MO RECOGEMOS LOS DATOS PERSONALES DEL USUARIO Y DEL VISITANTE?<\/h3>\n<p>Los datos personales del visitante son recogidos por el sitio web de la siguiente manera:<\/p>\n<ul>\n<li>Cuando un usuario y visitante accede a p\u00e1ginas del sitio web: la informaci\u00f3n sobre la interacci\u00f3n y el acceso es recogida por la empresa para garantizar una mejor experiencia para el usuario y visitante. Estos datos pueden referirse a las palabras clave utilizadas en una b\u00fasqueda, la compartici\u00f3n de un determinado documento, los comentarios, las visitas a la p\u00e1gina, los perfiles, la URL de la que procede el usuario y visitante, el navegador que utiliza y sus IP de acceso, entre otros que pueden ser almacenados y conservados.<\/li>\n<li>A trav\u00e9s de terceros: el sitio web recibe datos de terceros, como Facebook, Google y LinkedIn, cuando un usuario se conecta con su perfil desde uno de estos sitios web. El uso de estos datos est\u00e1 previamente autorizado por los usuarios con el tercero en cuesti\u00f3n.<\/li>\n<li>Otros.<\/li>\n<\/ul>\n<h3>SECCI\u00d3N 3 &#8211; \u00bfCON QU\u00c9 FINES UTILIZAMOS LOS DATOS PERSONALES DEL USUARIO Y DEL VISITANTE?<\/h3>\n<p>Los datos personales del usuario y visitante recogidos y almacenados por el sitio web www.alacer.com.br tienen las siguientes finalidades:<\/p>\n<ul>\n<li>Bienestar del usuario y del visitante: para mejorar el producto y\/o servicio ofrecido, facilitar, agilizar y cumplir los compromisos establecidos entre el usuario y la empresa, mejorar la experiencia de usuario y proporcionar funcionalidades espec\u00edficas en funci\u00f3n de las caracter\u00edsticas b\u00e1sicas del usuario.<\/li>\n<li>Mejoras de la plataforma: entender c\u00f3mo el usuario utiliza los servicios de la plataforma, para ayudar al desarrollo empresarial y t\u00e9cnico.<\/li>\n<li>Anuncios: ofrecer anuncios personalizados al usuario en funci\u00f3n de los datos facilitados.<\/li>\n<li>Comercial: los datos se utilizan para personalizar el contenido ofrecido y generar subvenciones a la plataforma para la mejora de la calidad en el funcionamiento de los servicios.<\/li>\n<li>Predicci\u00f3n del perfil del usuario: tratamiento automatizado de datos personales para evaluar el uso en la plataforma.<\/li>\n<li>Datos de registro: para permitir al usuario el acceso a determinados contenidos de la plataforma, exclusivos para usuarios registrados.<\/li>\n<li>Datos del contrato: para proporcionar a las partes seguridad jur\u00eddica y facilitar la conclusi\u00f3n del acuerdo.<\/li>\n<li>Otros<\/li>\n<\/ul>\n<p>El tratamiento de los datos personales para fines no previstos en esta Pol\u00edtica de Privacidad s\u00f3lo se producir\u00e1 previa comunicaci\u00f3n al usuario, por lo que los derechos y obligaciones aqu\u00ed previstos siguen siendo aplicables.<\/p>\n<h3>SECCI\u00d3N 4 &#8211; \u00bfDURANTE CU\u00c1NTO TIEMPO SE ALMACENAR\u00c1N LOS DATOS PERSONALES?<\/h3>\n<p>Los datos personales del usuario y visitante son almacenados por la plataforma durante el periodo necesario para la prestaci\u00f3n del servicio o el cumplimiento de las finalidades establecidas en este documento, de acuerdo con lo establecido en el inciso I del art\u00edculo 15 de la Ley 13.709\/18.<\/p>\n<p>Los datos podr\u00e1n ser eliminados o anonimizados a petici\u00f3n del usuario, salvo en los casos en que la ley prevea otro tratamiento.<\/p>\n<p>Adem\u00e1s, los datos personales de los usuarios s\u00f3lo podr\u00e1n conservarse una vez finalizado su tratamiento en los siguientes casos previstos en el art\u00edculo 16 de dicha ley:<\/p>\n<p>I &#8211; cumplimiento de una obligaci\u00f3n legal o reglamentaria por parte del responsable del tratamiento;<\/p>\n<p>II &#8211; estudio por parte de un organismo de investigaci\u00f3n, garantizando, siempre que sea posible, la anonimizaci\u00f3n de los datos personales;<\/p>\n<p>III &#8211; la transferencia a un tercero, siempre que se cumplan los requisitos de tratamiento de datos establecidos en esta Ley;<\/p>\n<p>IV &#8211; uso exclusivo del responsable del tratamiento, quedando prohibido el acceso de terceros, y siempre que los datos sean an\u00f3nimos.<\/p>\n<h3>SECCI\u00d3N 5 &#8211; SEGURIDAD DE LOS DATOS PERSONALES ALMACENADOS<\/h3>\n<p>La plataforma se compromete a aplicar las medidas t\u00e9cnicas y organizativas para proteger los datos personales del acceso no autorizado y de las situaciones de destrucci\u00f3n, p\u00e9rdida, alteraci\u00f3n, comunicaci\u00f3n o difusi\u00f3n de los mismos.<\/p>\n<p>La plataforma no se exime de responsabilidad por la culpa exclusiva de un tercero, como en el caso de un ataque de hackers o crackers, o por la culpa exclusiva del usuario, como en el caso de que transfiera sus datos a un tercero. El sitio web se compromete a notificar al usuario en caso de que se produzca una violaci\u00f3n de la seguridad de sus datos personales.<\/p>\n<p>Los datos personales almacenados se tratan de forma confidencial, dentro de los l\u00edmites legales. Sin embargo, podemos revelar su informaci\u00f3n personal si la ley nos obliga a hacerlo o si usted infringe nuestras Condiciones de Servicio.<\/p>\n<h3>SECCI\u00d3N 06 &#8211; COOKIES O DATOS DE NAVEGACI\u00d3N<\/h3>\n<p>Las cookies se refieren a archivos de texto enviados por el sitio web al ordenador del usuario y visitante y almacenados en \u00e9l, con informaci\u00f3n relacionada con la navegaci\u00f3n en el sitio web. Dicha informaci\u00f3n est\u00e1 relacionada con los datos de acceso, como el lugar y la hora de acceso, y es almacenada por el navegador del usuario y visitante para que el servidor de la plataforma pueda leerla posteriormente con el fin de personalizar los servicios de la plataforma.<\/p>\n<p>El usuario y visitante del sitio web www.alacer.com.br reconoce y acepta expresamente que se pueda utilizar un sistema de recogida de datos de navegaci\u00f3n mediante el uso de cookies.<\/p>\n<p>La cookie persistente permanece en el disco duro del usuario y visitante despu\u00e9s de cerrar el navegador y ser\u00e1 utilizada por \u00e9ste en las siguientes visitas al sitio web. Las cookies persistentes pueden eliminarse siguiendo las instrucciones de su navegador. La cookie de sesi\u00f3n es temporal y desaparece cuando se cierra el navegador. Es posible restablecer su navegador web para que rechace todas las cookies, sin embargo, algunas caracter\u00edsticas de la plataforma pueden no funcionar correctamente si se desactiva la capacidad de aceptar cookies.<\/p>\n<h3>SECCI\u00d3N 7 &#8211; CONSENTIMIENTO<\/h3>\n<p>Al utilizar los servicios y proporcionar informaci\u00f3n personal en la plataforma, el usuario acepta la presente pol\u00edtica de privacidad.<\/p>\n<p>El usuario, al registrarse, declara conocer y poder ejercer sus derechos de cancelaci\u00f3n de su registro, acceso y actualizaci\u00f3n de sus datos personales y garantiza la veracidad de la informaci\u00f3n puesta a su disposici\u00f3n.<\/p>\n<p>El usuario tiene derecho a retirar su consentimiento en cualquier momento, para ello deber\u00e1 ponerse en contacto a trav\u00e9s del correo electr\u00f3nico sac@alacerbio.com<\/p>\n<h3>SECCI\u00d3N 8 &#8211; MODIFICACIONES DE LA PRESENTE POL\u00cdTICA DE PRIVACIDAD<\/h3>\n<p>Nos reservamos el derecho a modificar esta pol\u00edtica de privacidad en cualquier momento, por lo que se recomienda al usuario y al visitante que la revise con frecuencia.<\/p>\n<p>Los cambios y aclaraciones entrar\u00e1n en vigor inmediatamente despu\u00e9s de su publicaci\u00f3n en la plataforma. Cuando se realicen cambios se notificar\u00e1 a los usuarios. Al utilizar el servicio o proporcionar informaci\u00f3n personal despu\u00e9s de cualquier cambio, el usuario y visitante demuestra su acuerdo con las nuevas normas.<\/p>\n<p>En caso de fusi\u00f3n o venta de la plataforma a otra empresa, los datos de los usuarios pueden ser transferidos a los nuevos propietarios para mantener los servicios ofrecidos.<\/p>\n<h3>SECCI\u00d3N 9 &#8211; COMPETENCIA PARA LA RESOLUCI\u00d3N DE CONFLICTOS<\/h3>\n<p>Para la resoluci\u00f3n de las controversias derivadas del presente instrumento se aplicar\u00e1 \u00edntegramente la ley brasile\u00f1a.<\/p>\n<p>Los litigios se presentar\u00e1n en el tribunal de distrito donde se encuentra la sede de la empresa.<\/p>\n<\/div>\n<\/div>\n<\/div>\n<\/div><\/section>\n","protected":false},"excerpt":{"rendered":"","protected":false},"author":1,"featured_media":0,"parent":0,"menu_order":0,"comment_status":"closed","ping_status":"closed","template":"","meta":{"footnotes":""},"class_list":["post-763","page","type-page","status-publish","hentry"],"yoast_head":"<!-- This site is optimized with the Yoast SEO plugin v27.4 - https:\/\/yoast.com\/product\/yoast-seo-wordpress\/ -->\n<title>Pol\u00edtica de Privacidade - Alacer Biom\u00e9dica<\/title>\n<meta name=\"robots\" content=\"index, follow, max-snippet:-1, max-image-preview:large, max-video-preview:-1\" \/>\n<link rel=\"canonical\" href=\"https:\/\/alacerbio.com\/spanish\/politica-de-privacidade\/\" \/>\n<meta property=\"og:locale\" content=\"es_ES\" \/>\n<meta property=\"og:type\" content=\"article\" \/>\n<meta property=\"og:title\" content=\"Pol\u00edtica de Privacidade - Alacer Biom\u00e9dica\" \/>\n<meta property=\"og:url\" content=\"https:\/\/alacerbio.com\/spanish\/politica-de-privacidade\/\" \/>\n<meta property=\"og:site_name\" content=\"Alacer Biom\u00e9dica\" \/>\n<meta property=\"article:modified_time\" content=\"2022-07-21T14:28:14+00:00\" \/>\n<meta name=\"twitter:card\" content=\"summary_large_image\" \/>\n<meta name=\"twitter:label1\" content=\"Tiempo de lectura\" \/>\n\t<meta name=\"twitter:data1\" content=\"13 minutos\" \/>\n<script type=\"application\/ld+json\" class=\"yoast-schema-graph\">{\"@context\":\"https:\\\/\\\/schema.org\",\"@graph\":[{\"@type\":\"WebPage\",\"@id\":\"https:\\\/\\\/alacerbio.com\\\/spanish\\\/politica-de-privacidade\\\/\",\"url\":\"https:\\\/\\\/alacerbio.com\\\/spanish\\\/politica-de-privacidade\\\/\",\"name\":\"Pol\u00edtica de Privacidade - Alacer Biom\u00e9dica\",\"isPartOf\":{\"@id\":\"https:\\\/\\\/alacerbio.com\\\/spanish\\\/#website\"},\"datePublished\":\"2021-06-22T18:39:26+00:00\",\"dateModified\":\"2022-07-21T14:28:14+00:00\",\"breadcrumb\":{\"@id\":\"https:\\\/\\\/alacerbio.com\\\/spanish\\\/politica-de-privacidade\\\/#breadcrumb\"},\"inLanguage\":\"es\",\"potentialAction\":[{\"@type\":\"ReadAction\",\"target\":[\"https:\\\/\\\/alacerbio.com\\\/spanish\\\/politica-de-privacidade\\\/\"]}]},{\"@type\":\"BreadcrumbList\",\"@id\":\"https:\\\/\\\/alacerbio.com\\\/spanish\\\/politica-de-privacidade\\\/#breadcrumb\",\"itemListElement\":[{\"@type\":\"ListItem\",\"position\":1,\"name\":\"In\u00edcio\",\"item\":\"https:\\\/\\\/alacerbio.com\\\/spanish\\\/home-alacer\\\/\"},{\"@type\":\"ListItem\",\"position\":2,\"name\":\"Pol\u00edtica de Privacidade\"}]},{\"@type\":\"WebSite\",\"@id\":\"https:\\\/\\\/alacerbio.com\\\/spanish\\\/#website\",\"url\":\"https:\\\/\\\/alacerbio.com\\\/spanish\\\/\",\"name\":\"Alacer Biom\u00e9dica\",\"description\":\"\",\"potentialAction\":[{\"@type\":\"SearchAction\",\"target\":{\"@type\":\"EntryPoint\",\"urlTemplate\":\"https:\\\/\\\/alacerbio.com\\\/spanish\\\/?s={search_term_string}\"},\"query-input\":{\"@type\":\"PropertyValueSpecification\",\"valueRequired\":true,\"valueName\":\"search_term_string\"}}],\"inLanguage\":\"es\"}]}<\/script>\n<!-- \/ Yoast SEO plugin. -->","yoast_head_json":{"title":"Pol\u00edtica de Privacidade - Alacer Biom\u00e9dica","robots":{"index":"index","follow":"follow","max-snippet":"max-snippet:-1","max-image-preview":"max-image-preview:large","max-video-preview":"max-video-preview:-1"},"canonical":"https:\/\/alacerbio.com\/spanish\/politica-de-privacidade\/","og_locale":"es_ES","og_type":"article","og_title":"Pol\u00edtica de Privacidade - Alacer Biom\u00e9dica","og_url":"https:\/\/alacerbio.com\/spanish\/politica-de-privacidade\/","og_site_name":"Alacer Biom\u00e9dica","article_modified_time":"2022-07-21T14:28:14+00:00","twitter_card":"summary_large_image","twitter_misc":{"Tiempo de lectura":"13 minutos"},"schema":{"@context":"https:\/\/schema.org","@graph":[{"@type":"WebPage","@id":"https:\/\/alacerbio.com\/spanish\/politica-de-privacidade\/","url":"https:\/\/alacerbio.com\/spanish\/politica-de-privacidade\/","name":"Pol\u00edtica de Privacidade - Alacer Biom\u00e9dica","isPartOf":{"@id":"https:\/\/alacerbio.com\/spanish\/#website"},"datePublished":"2021-06-22T18:39:26+00:00","dateModified":"2022-07-21T14:28:14+00:00","breadcrumb":{"@id":"https:\/\/alacerbio.com\/spanish\/politica-de-privacidade\/#breadcrumb"},"inLanguage":"es","potentialAction":[{"@type":"ReadAction","target":["https:\/\/alacerbio.com\/spanish\/politica-de-privacidade\/"]}]},{"@type":"BreadcrumbList","@id":"https:\/\/alacerbio.com\/spanish\/politica-de-privacidade\/#breadcrumb","itemListElement":[{"@type":"ListItem","position":1,"name":"In\u00edcio","item":"https:\/\/alacerbio.com\/spanish\/home-alacer\/"},{"@type":"ListItem","position":2,"name":"Pol\u00edtica de Privacidade"}]},{"@type":"WebSite","@id":"https:\/\/alacerbio.com\/spanish\/#website","url":"https:\/\/alacerbio.com\/spanish\/","name":"Alacer Biom\u00e9dica","description":"","potentialAction":[{"@type":"SearchAction","target":{"@type":"EntryPoint","urlTemplate":"https:\/\/alacerbio.com\/spanish\/?s={search_term_string}"},"query-input":{"@type":"PropertyValueSpecification","valueRequired":true,"valueName":"search_term_string"}}],"inLanguage":"es"}]}},"_links":{"self":[{"href":"https:\/\/alacerbio.com\/spanish\/wp-json\/wp\/v2\/pages\/763","targetHints":{"allow":["GET"]}}],"collection":[{"href":"https:\/\/alacerbio.com\/spanish\/wp-json\/wp\/v2\/pages"}],"about":[{"href":"https:\/\/alacerbio.com\/spanish\/wp-json\/wp\/v2\/types\/page"}],"author":[{"embeddable":true,"href":"https:\/\/alacerbio.com\/spanish\/wp-json\/wp\/v2\/users\/1"}],"replies":[{"embeddable":true,"href":"https:\/\/alacerbio.com\/spanish\/wp-json\/wp\/v2\/comments?post=763"}],"version-history":[{"count":5,"href":"https:\/\/alacerbio.com\/spanish\/wp-json\/wp\/v2\/pages\/763\/revisions"}],"predecessor-version":[{"id":1327,"href":"https:\/\/alacerbio.com\/spanish\/wp-json\/wp\/v2\/pages\/763\/revisions\/1327"}],"wp:attachment":[{"href":"https:\/\/alacerbio.com\/spanish\/wp-json\/wp\/v2\/media?parent=763"}],"curies":[{"name":"wp","href":"https:\/\/api.w.org\/{rel}","templated":true}]}}