{"id":664,"date":"2021-06-11T16:22:21","date_gmt":"2021-06-11T19:22:21","guid":{"rendered":"https:\/\/alacerbio.com\/spanish\/?page_id=664"},"modified":"2024-08-30T16:52:53","modified_gmt":"2024-08-30T19:52:53","slug":"equipamentos-e-acessorios-para-fisioterapia-pelvica","status":"publish","type":"page","link":"https:\/\/alacerbio.com\/spanish\/equipamentos-e-acessorios-para-fisioterapia-pelvica\/","title":{"rendered":"Fisioterapia P\u00e9lvica"},"content":{"rendered":"\n<style type=\"text\/css\" data-created_by=\"avia_inline_auto\" id=\"style-css-av-kn50zfv8-56cdb9afa890219a7abb2bbbdafb2508\">\n.avia-section.av-kn50zfv8-56cdb9afa890219a7abb2bbbdafb2508{\nbackground-repeat:no-repeat;\nbackground-image:url(https:\/\/alacerbio.com\/spanish\/wp-content\/uploads\/2021\/09\/equipos-sistemas-y-accesorios-Biofeedback-Electromiografio-Manometrico-con-Asociacion-a-Uroflujometria.jpg);\nbackground-position:50% 0%;\nbackground-attachment:scroll;\n}\n<\/style>\n<div id='av_section_1'  class='avia-section av-kn50zfv8-56cdb9afa890219a7abb2bbbdafb2508 main_color avia-section-no-padding avia-no-border-styling  avia-builder-el-0  el_before_av_section  avia-builder-el-first  av-small-hide av-mini-hide avia-bg-style-scroll av-minimum-height av-minimum-height-custom av-height-custom  container_wrap sidebar_right'  data-section-bg-repeat='no-repeat' data-av_minimum_height_px='660'><div class='container av-section-cont-open' style='height:660px'><main  role=\"main\" itemprop=\"mainContentOfPage\"  class='template-page content  av-content-small alpha units'><div class='post-entry post-entry-type-page post-entry-664'><div class='entry-content-wrapper clearfix'>\n<\/div><\/div><\/main><!-- close content main element --><\/div><\/div>\n<style type=\"text\/css\" data-created_by=\"avia_inline_auto\" id=\"style-css-av-kn7i17sr-4965f7102d8b574af0fb1afac0e2dde3\">\n.avia-section.av-kn7i17sr-4965f7102d8b574af0fb1afac0e2dde3{\nbackground-repeat:no-repeat;\nbackground-image:url(https:\/\/alacerbio.com\/spanish\/wp-content\/uploads\/2021\/09\/equipos-sistemas-y-accesorios-Biofeedback-Electromiografio-Manometrico-con-Asociacion-a-Uroflujometria-mobile.jpg);\nbackground-position:50% 0%;\nbackground-attachment:scroll;\n}\n<\/style>\n<div id='av_section_2'  class='avia-section av-kn7i17sr-4965f7102d8b574af0fb1afac0e2dde3 main_color avia-section-no-padding avia-no-border-styling  avia-builder-el-1  el_after_av_section  el_before_av_section  av-desktop-hide av-medium-hide avia-bg-style-scroll av-minimum-height av-minimum-height-custom av-height-custom  container_wrap sidebar_right'  data-section-bg-repeat='no-repeat' data-av_minimum_height_px='300'><div class='container av-section-cont-open' style='height:300px'><div class='template-page content  av-content-small alpha units'><div class='post-entry post-entry-type-page post-entry-664'><div class='entry-content-wrapper clearfix'>\n<\/div><\/div><\/div><!-- close content main div --><\/div><\/div>\n<style type=\"text\/css\" data-created_by=\"avia_inline_auto\" id=\"style-css-av-184n38-6607a4f6e7ce30980b25be75dec59f5f\">\n.avia-section.av-184n38-6607a4f6e7ce30980b25be75dec59f5f{\nmargin-top:0px;\nmargin-bottom:0px;\n}\n<\/style>\n<div id='av_section_3'  class='avia-section av-184n38-6607a4f6e7ce30980b25be75dec59f5f main_color avia-section-default avia-no-border-styling  avia-builder-el-2  el_after_av_section  el_before_av_heading  av-desktop-hide av-medium-hide avia-bg-style-scroll container_wrap sidebar_right'  ><div class='container av-section-cont-open' ><div class='template-page content  av-content-small alpha units'><div class='post-entry post-entry-type-page post-entry-664'><div class='entry-content-wrapper clearfix'>\n\n<style type=\"text\/css\" data-created_by=\"avia_inline_auto\" id=\"style-css-av-1402bo-c3379b0fb2acfcb1290534e75ba1cc9f\">\n.av_promobox.av-1402bo-c3379b0fb2acfcb1290534e75ba1cc9f{\ncolor:#ffffff;\nbackground:#b02b2c;\n}\n<\/style>\n<div  class='av_promobox av-1402bo-c3379b0fb2acfcb1290534e75ba1cc9f avia-button-no  avia-builder-el-3  el_before_av_promobox  avia-builder-el-first  menu-bobile av-desktop-hide av-medium-hide'><div class='avia-promocontent'><h3 style=\"text-align: center;\"><a href=\"https:\/\/alacerbio.com\/spanish\/equipo-para-biofeedback-emg-uranus-ii\/\"><span style=\"color: #ffffff; font-size: 16pt;\">EUIPO PARA BIOFEEDBACK EMG &#8211; URANUS II<\/span><\/a><\/h3>\n<\/div><\/div>\n\n<style type=\"text\/css\" data-created_by=\"avia_inline_auto\" id=\"style-css-av-dxoos-148253a056eb8cec735d41e2c78dd080\">\n.av_promobox.av-dxoos-148253a056eb8cec735d41e2c78dd080{\ncolor:#ffffff;\nbackground:#b02b2c;\n}\n<\/style>\n<div  class='av_promobox av-dxoos-148253a056eb8cec735d41e2c78dd080 avia-button-no  avia-builder-el-4  el_after_av_promobox  el_before_av_promobox  av-desktop-hide av-medium-hide'><div class='avia-promocontent'><h3 style=\"text-align: center;\"><a href=\"https:\/\/alacerbio.com\/spanish\/accesorios-para-biofeedback\/\"><span style=\"color: #ffffff; font-size: 16pt;\">ACCESORIOS PARA BIOFEEDBACK<\/span><\/a><\/h3>\n<\/div><\/div>\n\n<style type=\"text\/css\" data-created_by=\"avia_inline_auto\" id=\"style-css-av-70lv8-84c411b49a58f1d0611215dba5f015ab\">\n.av_promobox.av-70lv8-84c411b49a58f1d0611215dba5f015ab{\ncolor:#ffffff;\nbackground:#b02b2c;\n}\n<\/style>\n<div  class='av_promobox av-70lv8-84c411b49a58f1d0611215dba5f015ab avia-button-no  avia-builder-el-5  el_after_av_promobox  avia-builder-el-last  av-desktop-hide av-medium-hide'><div class='avia-promocontent'><h3 style=\"text-align: center;\"><a href=\"https:\/\/alacerbio.com\/spanish\/treinamentos\/\"><span style=\"color: #ffffff; font-size: 16pt;\">CAPACITACI\u00d3N<\/span><\/a><\/h3>\n<\/div><\/div>\n<\/div><\/div><\/div><!-- close content main div --><\/div><\/div><div id='after_section_3'  class='main_color av_default_container_wrap container_wrap sidebar_right'  ><div class='container av-section-cont-open' ><div class='template-page content  av-content-small alpha units'><div class='post-entry post-entry-type-page post-entry-664'><div class='entry-content-wrapper clearfix'>\n\n<style type=\"text\/css\" data-created_by=\"avia_inline_auto\" id=\"style-css-av-kpsod6dv-bec1548d2229366248cd0e8d4e25496a\">\n#top .av-special-heading.av-kpsod6dv-bec1548d2229366248cd0e8d4e25496a{\npadding-bottom:10px;\n}\nbody .av-special-heading.av-kpsod6dv-bec1548d2229366248cd0e8d4e25496a .av-special-heading-tag .heading-char{\nfont-size:25px;\n}\n.av-special-heading.av-kpsod6dv-bec1548d2229366248cd0e8d4e25496a .av-subheading{\nfont-size:15px;\n}\n<\/style>\n<div  class='av-special-heading av-kpsod6dv-bec1548d2229366248cd0e8d4e25496a av-special-heading-h1 blockquote modern-quote modern-centered  avia-builder-el-6  el_after_av_section  el_before_av_textblock  avia-builder-el-first '><h1 class='av-special-heading-tag'  itemprop=\"headline\"  >Equipos y Accesorios de Fisioterapia P\u00e9lvica<\/h1><div class=\"special-heading-border\"><div class=\"special-heading-inner-border\"><\/div><\/div><\/div>\n<section  class='av_textblock_section av-kpsoee8m-c77f5b34694caa152691af6803d1183c '   itemscope=\"itemscope\" itemtype=\"https:\/\/schema.org\/CreativeWork\" ><div class='avia_textblock'  itemprop=\"text\" ><p style=\"text-align: center;\">Eficientes y precisos.<br \/>\nBiofeedback Electromiogr\u00e1fico, Manom\u00e9trica con asociaci\u00f3n con Uroflujometr\u00eda para evaluaci\u00f3n y tratamiento del suelo p\u00e9lvico. Todo esto sin interferencias el\u00e9ctricas y con el soporte que su servicio necesita.<\/p>\n<\/div><\/section>\n\n<style type=\"text\/css\" data-created_by=\"avia_inline_auto\" id=\"style-css-av-kpsoeyi9-1c6c8d2e2342d6c08407e28d61df1ea1\">\n#top .hr.hr-invisible.av-kpsoeyi9-1c6c8d2e2342d6c08407e28d61df1ea1{\nheight:40px;\n}\n<\/style>\n<div  class='hr av-kpsoeyi9-1c6c8d2e2342d6c08407e28d61df1ea1 hr-invisible  avia-builder-el-8  el_after_av_textblock  el_before_av_one_half  av-desktop-hide av-medium-hide'><span class='hr-inner '><span class=\"hr-inner-style\"><\/span><\/span><\/div>\n<div class='flex_column_table av-jxk6o-ac73bac60538f3ccd148fffdcc257818 sc-av_one_half av-equal-height-column-flextable'>\n<style type=\"text\/css\" data-created_by=\"avia_inline_auto\" id=\"style-css-av-jxk6o-ac73bac60538f3ccd148fffdcc257818\">\n.flex_column.av-jxk6o-ac73bac60538f3ccd148fffdcc257818{\nborder-radius:0px 0px 0px 0px;\npadding:0px 0px 0px 0px;\n}\n<\/style>\n<div  class='flex_column av-jxk6o-ac73bac60538f3ccd148fffdcc257818 av_one_half  avia-builder-el-9  el_after_av_hr  el_before_av_one_half  first flex_column_table_cell av-equal-height-column av-align-middle av-zero-column-padding  '     ><p>\n<style type=\"text\/css\" data-created_by=\"avia_inline_auto\" id=\"style-css-av-ify3c-d60d41487071c2773657c40dd546b0f4\">\n.avia-image-container.av-ify3c-d60d41487071c2773657c40dd546b0f4 img.avia_image{\nbox-shadow:none;\n}\n.avia-image-container.av-ify3c-d60d41487071c2773657c40dd546b0f4 .av-image-caption-overlay-center{\ncolor:#ffffff;\n}\n<\/style>\n<div  class='avia-image-container av-ify3c-d60d41487071c2773657c40dd546b0f4 av-styling- av-img-linked avia-align-center  avia-builder-el-10  el_before_av_hr  avia-builder-el-first '   itemprop=\"image\" itemscope=\"itemscope\" itemtype=\"https:\/\/schema.org\/ImageObject\" ><div class=\"avia-image-container-inner\"><div class=\"avia-image-overlay-wrap\"><a href=\"https:\/\/alacerbio.com\/spanish\/equipo-para-biofeedback-emg-uranus-ii\/\" class='avia_image '  aria-label='URANUS II - Biofeedback EMG'><img decoding=\"async\" loading=\"lazy\" class='wp-image-666 avia-img-lazy-loading-666 avia_image ' src=\"https:\/\/alacerbio.com\/spanish\/wp-content\/uploads\/2021\/06\/biofeedback_.jpg\" alt='URANUS II - Biofeedback EMG' title='URANUS II - Biofeedback EMG'  height=\"709\" width=\"1000\"  itemprop=\"thumbnailUrl\" srcset=\"https:\/\/alacerbio.com\/spanish\/wp-content\/uploads\/2021\/06\/biofeedback_.jpg 1000w, https:\/\/alacerbio.com\/spanish\/wp-content\/uploads\/2021\/06\/biofeedback_-300x213.jpg 300w, https:\/\/alacerbio.com\/spanish\/wp-content\/uploads\/2021\/06\/biofeedback_-768x545.jpg 768w, https:\/\/alacerbio.com\/spanish\/wp-content\/uploads\/2021\/06\/biofeedback_-260x185.jpg 260w, https:\/\/alacerbio.com\/spanish\/wp-content\/uploads\/2021\/06\/biofeedback_-705x500.jpg 705w\" sizes=\"auto, (max-width: 1000px) 100vw, 1000px\" \/><\/a><\/div><\/div><\/div><br \/>\n\n<style type=\"text\/css\" data-created_by=\"avia_inline_auto\" id=\"style-css-av-5lsqw-0779dba377417634b7de8bbb4c61054e\">\n#top .hr.hr-invisible.av-5lsqw-0779dba377417634b7de8bbb4c61054e{\nheight:40px;\n}\n<\/style>\n<div  class='hr av-5lsqw-0779dba377417634b7de8bbb4c61054e hr-invisible  avia-builder-el-11  el_after_av_image  avia-builder-el-last  av-small-hide av-mini-hide'><span class='hr-inner '><span class=\"hr-inner-style\"><\/span><\/span><\/div><\/p><\/div>\n<div class='av-flex-placeholder'><\/div>\n<style type=\"text\/css\" data-created_by=\"avia_inline_auto\" id=\"style-css-av-5aolc-ae9611239f742e0342d77d0f20ccf49f\">\n.flex_column.av-5aolc-ae9611239f742e0342d77d0f20ccf49f{\nborder-radius:0px 0px 0px 0px;\npadding:0px 0px 0px 0px;\n}\n<\/style>\n<div  class='flex_column av-5aolc-ae9611239f742e0342d77d0f20ccf49f av_one_half  avia-builder-el-12  el_after_av_one_half  el_before_av_hr  flex_column_table_cell av-equal-height-column av-align-middle av-zero-column-padding  '     ><p>\n<style type=\"text\/css\" data-created_by=\"avia_inline_auto\" id=\"style-css-av-gp0g-dab6989c6ff19ef8b0f5ae14cb5c5003\">\n#top .av-special-heading.av-gp0g-dab6989c6ff19ef8b0f5ae14cb5c5003{\nmargin:20px 0 0px 0;\npadding-bottom:10px;\n}\nbody .av-special-heading.av-gp0g-dab6989c6ff19ef8b0f5ae14cb5c5003 .av-special-heading-tag .heading-char{\nfont-size:25px;\n}\n.av-special-heading.av-gp0g-dab6989c6ff19ef8b0f5ae14cb5c5003 .av-subheading{\nfont-size:15px;\n}\n<\/style>\n<div  class='av-special-heading av-gp0g-dab6989c6ff19ef8b0f5ae14cb5c5003 av-special-heading-h2 blockquote modern-quote modern-centered  avia-builder-el-13  el_before_av_textblock  avia-builder-el-first  av-linked-heading'><h2 class='av-special-heading-tag'  itemprop=\"headline\"  ><a class=\"av-heading-link\" href=\"https:\/\/alacerbio.com\/spanish\/equipo-para-biofeedback-emg-uranus-ii\/\" >Biofeedback EMG<\/a><\/h2><div class=\"special-heading-border\"><div class=\"special-heading-inner-border\"><\/div><\/div><\/div><br \/>\n<section  class='av_textblock_section av-3o848-54724122e5879256e632b5591ce74b70 '   itemscope=\"itemscope\" itemtype=\"https:\/\/schema.org\/CreativeWork\" ><div class='avia_textblock'  itemprop=\"text\" ><p style=\"text-align: center;\">Eficiencia y confianza \u2013 Biofeedback Electromiogr\u00e1fico y Manom\u00e9trico asociado a la Uroflujometr\u00eda<\/p>\n<\/div><\/section><br \/>\n\n<style type=\"text\/css\" data-created_by=\"avia_inline_auto\" id=\"style-css-av-hmqpc-4d26970c23194e9de5831adf71108f3b\">\n#top .hr.hr-invisible.av-hmqpc-4d26970c23194e9de5831adf71108f3b{\nheight:40px;\n}\n<\/style>\n<div  class='hr av-hmqpc-4d26970c23194e9de5831adf71108f3b hr-invisible  avia-builder-el-15  el_after_av_textblock  avia-builder-el-last  av-small-hide av-mini-hide'><span class='hr-inner '><span class=\"hr-inner-style\"><\/span><\/span><\/div><\/p><\/div><\/div><!--close column table wrapper. Autoclose: 1 -->\n<style type=\"text\/css\" data-created_by=\"avia_inline_auto\" id=\"style-css-av-375do-8f3f31d4e3a53f9e5f926fa266fa9f05\">\n#top .hr.av-375do-8f3f31d4e3a53f9e5f926fa266fa9f05{\nmargin-top:30px;\nmargin-bottom:30px;\n}\n.hr.av-375do-8f3f31d4e3a53f9e5f926fa266fa9f05 .hr-inner{\nwidth:100%;\n}\n<\/style>\n<div  class='hr av-375do-8f3f31d4e3a53f9e5f926fa266fa9f05 hr-custom  avia-builder-el-16  el_after_av_one_half  el_before_av_one_half  av-desktop-hide av-medium-hide hr-center hr-icon-no'><span class='hr-inner inner-border-av-border-fat'><span class=\"hr-inner-style\"><\/span><\/span><\/div><\/p>\n<div class='flex_column_table av-h52ik-c9c73416f39e2ca9908a04f60ce9cedc sc-av_one_half av-equal-height-column-flextable'>\n<style type=\"text\/css\" data-created_by=\"avia_inline_auto\" id=\"style-css-av-h52ik-c9c73416f39e2ca9908a04f60ce9cedc\">\n.flex_column.av-h52ik-c9c73416f39e2ca9908a04f60ce9cedc{\nborder-radius:0px 0px 0px 0px;\npadding:0px 0px 0px 0px;\n}\n<\/style>\n<div  class='flex_column av-h52ik-c9c73416f39e2ca9908a04f60ce9cedc av_one_half  avia-builder-el-17  el_after_av_hr  el_before_av_one_half  first flex_column_table_cell av-equal-height-column av-align-middle av-zero-column-padding  '     ><p>\n<style type=\"text\/css\" data-created_by=\"avia_inline_auto\" id=\"style-css-av-g85hg-8df5fe6256851df4ca66b23b6e2b87ca\">\n#top .av-special-heading.av-g85hg-8df5fe6256851df4ca66b23b6e2b87ca{\nmargin:20px 0 0px 0;\npadding-bottom:10px;\n}\nbody .av-special-heading.av-g85hg-8df5fe6256851df4ca66b23b6e2b87ca .av-special-heading-tag .heading-char{\nfont-size:25px;\n}\n.av-special-heading.av-g85hg-8df5fe6256851df4ca66b23b6e2b87ca .av-subheading{\nfont-size:15px;\n}\n<\/style>\n<div  class='av-special-heading av-g85hg-8df5fe6256851df4ca66b23b6e2b87ca av-special-heading-h2 blockquote modern-quote modern-centered  avia-builder-el-18  el_before_av_hr  avia-builder-el-first  av-linked-heading'><h2 class='av-special-heading-tag'  itemprop=\"headline\"  ><a class=\"av-heading-link\" href=\"https:\/\/alacerbio.com\/spanish\/accesorios-para-biofeedback\/\" >Accesorios para Biofeedback<\/a><\/h2><div class=\"special-heading-border\"><div class=\"special-heading-inner-border\"><\/div><\/div><\/div><br \/>\n\n<style type=\"text\/css\" data-created_by=\"avia_inline_auto\" id=\"style-css-av-f0nig-d0f2e92e936853f28886348f609b6fab\">\n#top .hr.hr-invisible.av-f0nig-d0f2e92e936853f28886348f609b6fab{\nheight:40px;\n}\n<\/style>\n<div  class='hr av-f0nig-d0f2e92e936853f28886348f609b6fab hr-invisible  avia-builder-el-19  el_after_av_heading  avia-builder-el-last  av-small-hide av-mini-hide'><span class='hr-inner '><span class=\"hr-inner-style\"><\/span><\/span><\/div><\/p><\/div>\n<div class='av-flex-placeholder'><\/div>\n<style type=\"text\/css\" data-created_by=\"avia_inline_auto\" id=\"style-css-av-2k5iw-efc2ded1701a6011a6a959e4e32b392c\">\n.flex_column.av-2k5iw-efc2ded1701a6011a6a959e4e32b392c{\nborder-radius:0px 0px 0px 0px;\npadding:0px 0px 0px 0px;\n}\n<\/style>\n<div  class='flex_column av-2k5iw-efc2ded1701a6011a6a959e4e32b392c av_one_half  avia-builder-el-20  el_after_av_one_half  el_before_av_hr  flex_column_table_cell av-equal-height-column av-align-middle av-zero-column-padding  '     ><p>\n<style type=\"text\/css\" data-created_by=\"avia_inline_auto\" id=\"style-css-av-8zl8b-e2b5d12509631b7a466a99134ad4a59f\">\n.avia-image-container.av-8zl8b-e2b5d12509631b7a466a99134ad4a59f img.avia_image{\nbox-shadow:none;\n}\n.avia-image-container.av-8zl8b-e2b5d12509631b7a466a99134ad4a59f .av-image-caption-overlay-center{\ncolor:#ffffff;\n}\n<\/style>\n<div  class='avia-image-container av-8zl8b-e2b5d12509631b7a466a99134ad4a59f av-styling- av-img-linked avia-align-center  avia-builder-el-21  el_before_av_hr  avia-builder-el-first '   itemprop=\"image\" itemscope=\"itemscope\" itemtype=\"https:\/\/schema.org\/ImageObject\" ><div class=\"avia-image-container-inner\"><div class=\"avia-image-overlay-wrap\"><a href=\"https:\/\/alacerbio.com\/spanish\/accesorios-para-biofeedback\/\" class='avia_image '  aria-label='Accesorios para Biofeedback'><img decoding=\"async\" loading=\"lazy\" class='wp-image-667 avia-img-lazy-loading-667 avia_image ' src=\"https:\/\/alacerbio.com\/spanish\/wp-content\/uploads\/2021\/06\/ACESSORIOS-BIOFEEDBACK.jpg\" alt='Accesorios para Biofeedback' title='Accesorios para Biofeedback'  height=\"709\" width=\"1000\"  itemprop=\"thumbnailUrl\" srcset=\"https:\/\/alacerbio.com\/spanish\/wp-content\/uploads\/2021\/06\/ACESSORIOS-BIOFEEDBACK.jpg 1000w, https:\/\/alacerbio.com\/spanish\/wp-content\/uploads\/2021\/06\/ACESSORIOS-BIOFEEDBACK-300x213.jpg 300w, https:\/\/alacerbio.com\/spanish\/wp-content\/uploads\/2021\/06\/ACESSORIOS-BIOFEEDBACK-768x545.jpg 768w, https:\/\/alacerbio.com\/spanish\/wp-content\/uploads\/2021\/06\/ACESSORIOS-BIOFEEDBACK-260x185.jpg 260w, https:\/\/alacerbio.com\/spanish\/wp-content\/uploads\/2021\/06\/ACESSORIOS-BIOFEEDBACK-705x500.jpg 705w\" sizes=\"auto, (max-width: 1000px) 100vw, 1000px\" \/><\/a><\/div><\/div><\/div><br \/>\n\n<style type=\"text\/css\" data-created_by=\"avia_inline_auto\" id=\"style-css-av-6cmw-55ec726f68dc846f490200f0c818b88a\">\n#top .hr.hr-invisible.av-6cmw-55ec726f68dc846f490200f0c818b88a{\nheight:40px;\n}\n<\/style>\n<div  class='hr av-6cmw-55ec726f68dc846f490200f0c818b88a hr-invisible  avia-builder-el-22  el_after_av_image  avia-builder-el-last  av-small-hide av-mini-hide'><span class='hr-inner '><span class=\"hr-inner-style\"><\/span><\/span><\/div><\/p><\/div><\/div><!--close column table wrapper. Autoclose: 1 -->\n\n<style type=\"text\/css\" data-created_by=\"avia_inline_auto\" id=\"style-css-av-2pmqw-0f105c11ee2cb858134f633c4aa1755b\">\n#top .hr.av-2pmqw-0f105c11ee2cb858134f633c4aa1755b{\nmargin-top:30px;\nmargin-bottom:30px;\n}\n.hr.av-2pmqw-0f105c11ee2cb858134f633c4aa1755b .hr-inner{\nwidth:100%;\n}\n<\/style>\n<div  class='hr av-2pmqw-0f105c11ee2cb858134f633c4aa1755b hr-custom  avia-builder-el-23  el_after_av_one_half  avia-builder-el-last  av-desktop-hide av-medium-hide hr-center hr-icon-no'><span class='hr-inner inner-border-av-border-fat'><span class=\"hr-inner-style\"><\/span><\/span><\/div>\n","protected":false},"excerpt":{"rendered":"","protected":false},"author":1,"featured_media":0,"parent":0,"menu_order":0,"comment_status":"closed","ping_status":"closed","template":"","meta":{"footnotes":""},"class_list":["post-664","page","type-page","status-publish","hentry"],"yoast_head":"<!-- This site is optimized with the Yoast SEO plugin v27.4 - https:\/\/yoast.com\/product\/yoast-seo-wordpress\/ -->\n<title>Fisioterapia P\u00e9lvica - Alacer Biom\u00e9dica<\/title>\n<meta name=\"description\" content=\"Eficiente y preciso!Biofeedback Electromiografio, Manom\u00e9trico con Asociaci\u00f3n a Uroflujometr\u00eda para evaluaci\u00f3n y tratamiento delsuelo p\u00e9lvico. Todo ello sin interferencias y con el apoyo que tu servicio necesita.\" \/>\n<meta name=\"robots\" content=\"index, follow, max-snippet:-1, max-image-preview:large, max-video-preview:-1\" \/>\n<link rel=\"canonical\" href=\"https:\/\/alacerbio.com\/spanish\/equipamentos-e-acessorios-para-fisioterapia-pelvica\/\" \/>\n<meta property=\"og:locale\" content=\"es_ES\" \/>\n<meta property=\"og:type\" content=\"article\" \/>\n<meta property=\"og:title\" content=\"Fisioterapia P\u00e9lvica - Alacer Biom\u00e9dica\" \/>\n<meta property=\"og:description\" content=\"Eficiente y preciso!Biofeedback Electromiografio, Manom\u00e9trico con Asociaci\u00f3n a Uroflujometr\u00eda para evaluaci\u00f3n y tratamiento delsuelo p\u00e9lvico. Todo ello sin interferencias y con el apoyo que tu servicio necesita.\" \/>\n<meta property=\"og:url\" content=\"https:\/\/alacerbio.com\/spanish\/equipamentos-e-acessorios-para-fisioterapia-pelvica\/\" \/>\n<meta property=\"og:site_name\" content=\"Alacer Biom\u00e9dica\" \/>\n<meta property=\"article:modified_time\" content=\"2024-08-30T19:52:53+00:00\" \/>\n<meta name=\"twitter:card\" content=\"summary_large_image\" \/>\n<meta name=\"twitter:label1\" content=\"Tiempo de lectura\" \/>\n\t<meta name=\"twitter:data1\" content=\"1 minuto\" \/>\n<script type=\"application\/ld+json\" class=\"yoast-schema-graph\">{\"@context\":\"https:\\\/\\\/schema.org\",\"@graph\":[{\"@type\":\"WebPage\",\"@id\":\"https:\\\/\\\/alacerbio.com\\\/spanish\\\/equipamentos-e-acessorios-para-fisioterapia-pelvica\\\/\",\"url\":\"https:\\\/\\\/alacerbio.com\\\/spanish\\\/equipamentos-e-acessorios-para-fisioterapia-pelvica\\\/\",\"name\":\"Fisioterapia P\u00e9lvica - Alacer Biom\u00e9dica\",\"isPartOf\":{\"@id\":\"https:\\\/\\\/alacerbio.com\\\/spanish\\\/#website\"},\"datePublished\":\"2021-06-11T19:22:21+00:00\",\"dateModified\":\"2024-08-30T19:52:53+00:00\",\"description\":\"Eficiente y preciso!Biofeedback Electromiografio, Manom\u00e9trico con Asociaci\u00f3n a Uroflujometr\u00eda para evaluaci\u00f3n y tratamiento delsuelo p\u00e9lvico. Todo ello sin interferencias y con el apoyo que tu servicio necesita.\",\"breadcrumb\":{\"@id\":\"https:\\\/\\\/alacerbio.com\\\/spanish\\\/equipamentos-e-acessorios-para-fisioterapia-pelvica\\\/#breadcrumb\"},\"inLanguage\":\"es\",\"potentialAction\":[{\"@type\":\"ReadAction\",\"target\":[\"https:\\\/\\\/alacerbio.com\\\/spanish\\\/equipamentos-e-acessorios-para-fisioterapia-pelvica\\\/\"]}]},{\"@type\":\"BreadcrumbList\",\"@id\":\"https:\\\/\\\/alacerbio.com\\\/spanish\\\/equipamentos-e-acessorios-para-fisioterapia-pelvica\\\/#breadcrumb\",\"itemListElement\":[{\"@type\":\"ListItem\",\"position\":1,\"name\":\"In\u00edcio\",\"item\":\"https:\\\/\\\/alacerbio.com\\\/spanish\\\/home-alacer\\\/\"},{\"@type\":\"ListItem\",\"position\":2,\"name\":\"Fisioterapia P\u00e9lvica\"}]},{\"@type\":\"WebSite\",\"@id\":\"https:\\\/\\\/alacerbio.com\\\/spanish\\\/#website\",\"url\":\"https:\\\/\\\/alacerbio.com\\\/spanish\\\/\",\"name\":\"Alacer Biom\u00e9dica\",\"description\":\"\",\"potentialAction\":[{\"@type\":\"SearchAction\",\"target\":{\"@type\":\"EntryPoint\",\"urlTemplate\":\"https:\\\/\\\/alacerbio.com\\\/spanish\\\/?s={search_term_string}\"},\"query-input\":{\"@type\":\"PropertyValueSpecification\",\"valueRequired\":true,\"valueName\":\"search_term_string\"}}],\"inLanguage\":\"es\"}]}<\/script>\n<!-- \/ Yoast SEO plugin. -->","yoast_head_json":{"title":"Fisioterapia P\u00e9lvica - Alacer Biom\u00e9dica","description":"Eficiente y preciso!Biofeedback Electromiografio, Manom\u00e9trico con Asociaci\u00f3n a Uroflujometr\u00eda para evaluaci\u00f3n y tratamiento delsuelo p\u00e9lvico. Todo ello sin interferencias y con el apoyo que tu servicio necesita.","robots":{"index":"index","follow":"follow","max-snippet":"max-snippet:-1","max-image-preview":"max-image-preview:large","max-video-preview":"max-video-preview:-1"},"canonical":"https:\/\/alacerbio.com\/spanish\/equipamentos-e-acessorios-para-fisioterapia-pelvica\/","og_locale":"es_ES","og_type":"article","og_title":"Fisioterapia P\u00e9lvica - Alacer Biom\u00e9dica","og_description":"Eficiente y preciso!Biofeedback Electromiografio, Manom\u00e9trico con Asociaci\u00f3n a Uroflujometr\u00eda para evaluaci\u00f3n y tratamiento delsuelo p\u00e9lvico. Todo ello sin interferencias y con el apoyo que tu servicio necesita.","og_url":"https:\/\/alacerbio.com\/spanish\/equipamentos-e-acessorios-para-fisioterapia-pelvica\/","og_site_name":"Alacer Biom\u00e9dica","article_modified_time":"2024-08-30T19:52:53+00:00","twitter_card":"summary_large_image","twitter_misc":{"Tiempo de lectura":"1 minuto"},"schema":{"@context":"https:\/\/schema.org","@graph":[{"@type":"WebPage","@id":"https:\/\/alacerbio.com\/spanish\/equipamentos-e-acessorios-para-fisioterapia-pelvica\/","url":"https:\/\/alacerbio.com\/spanish\/equipamentos-e-acessorios-para-fisioterapia-pelvica\/","name":"Fisioterapia P\u00e9lvica - Alacer Biom\u00e9dica","isPartOf":{"@id":"https:\/\/alacerbio.com\/spanish\/#website"},"datePublished":"2021-06-11T19:22:21+00:00","dateModified":"2024-08-30T19:52:53+00:00","description":"Eficiente y preciso!Biofeedback Electromiografio, Manom\u00e9trico con Asociaci\u00f3n a Uroflujometr\u00eda para evaluaci\u00f3n y tratamiento delsuelo p\u00e9lvico. Todo ello sin interferencias y con el apoyo que tu servicio necesita.","breadcrumb":{"@id":"https:\/\/alacerbio.com\/spanish\/equipamentos-e-acessorios-para-fisioterapia-pelvica\/#breadcrumb"},"inLanguage":"es","potentialAction":[{"@type":"ReadAction","target":["https:\/\/alacerbio.com\/spanish\/equipamentos-e-acessorios-para-fisioterapia-pelvica\/"]}]},{"@type":"BreadcrumbList","@id":"https:\/\/alacerbio.com\/spanish\/equipamentos-e-acessorios-para-fisioterapia-pelvica\/#breadcrumb","itemListElement":[{"@type":"ListItem","position":1,"name":"In\u00edcio","item":"https:\/\/alacerbio.com\/spanish\/home-alacer\/"},{"@type":"ListItem","position":2,"name":"Fisioterapia P\u00e9lvica"}]},{"@type":"WebSite","@id":"https:\/\/alacerbio.com\/spanish\/#website","url":"https:\/\/alacerbio.com\/spanish\/","name":"Alacer Biom\u00e9dica","description":"","potentialAction":[{"@type":"SearchAction","target":{"@type":"EntryPoint","urlTemplate":"https:\/\/alacerbio.com\/spanish\/?s={search_term_string}"},"query-input":{"@type":"PropertyValueSpecification","valueRequired":true,"valueName":"search_term_string"}}],"inLanguage":"es"}]}},"_links":{"self":[{"href":"https:\/\/alacerbio.com\/spanish\/wp-json\/wp\/v2\/pages\/664","targetHints":{"allow":["GET"]}}],"collection":[{"href":"https:\/\/alacerbio.com\/spanish\/wp-json\/wp\/v2\/pages"}],"about":[{"href":"https:\/\/alacerbio.com\/spanish\/wp-json\/wp\/v2\/types\/page"}],"author":[{"embeddable":true,"href":"https:\/\/alacerbio.com\/spanish\/wp-json\/wp\/v2\/users\/1"}],"replies":[{"embeddable":true,"href":"https:\/\/alacerbio.com\/spanish\/wp-json\/wp\/v2\/comments?post=664"}],"version-history":[{"count":11,"href":"https:\/\/alacerbio.com\/spanish\/wp-json\/wp\/v2\/pages\/664\/revisions"}],"predecessor-version":[{"id":1431,"href":"https:\/\/alacerbio.com\/spanish\/wp-json\/wp\/v2\/pages\/664\/revisions\/1431"}],"wp:attachment":[{"href":"https:\/\/alacerbio.com\/spanish\/wp-json\/wp\/v2\/media?parent=664"}],"curies":[{"name":"wp","href":"https:\/\/api.w.org\/{rel}","templated":true}]}}